{"id":157,"date":"2022-07-08T11:25:33","date_gmt":"2022-07-08T11:25:33","guid":{"rendered":"https:\/\/skai.al\/?page_id=157"},"modified":"2023-06-20T15:03:52","modified_gmt":"2023-06-20T15:03:52","slug":"blog","status":"publish","type":"page","link":"https:\/\/skai.al\/sq\/blog\/","title":{"rendered":"Blog"},"content":{"rendered":"<div data-elementor-type=\"wp-page\" data-elementor-id=\"157\" class=\"elementor elementor-157\">\n\t\t\t\t\t\t\t\t\t<section class=\"elementor-section elementor-top-section elementor-element elementor-element-c17b902 elementor-section-boxed elementor-section-height-default elementor-section-height-default\" data-id=\"c17b902\" data-element_type=\"section\" data-settings=\"{&quot;background_background&quot;:&quot;classic&quot;}\">\n\t\t\t\t\t\t\t<div class=\"elementor-background-overlay\"><\/div>\n\t\t\t\t\t\t\t<div class=\"elementor-container elementor-column-gap-default\">\n\t\t\t\t\t<div class=\"elementor-column elementor-col-100 elementor-top-column elementor-element elementor-element-bf22616 elementor-invisible\" data-id=\"bf22616\" data-element_type=\"column\" data-settings=\"{&quot;animation&quot;:&quot;fadeIn&quot;}\">\n\t\t\t<div class=\"elementor-widget-wrap elementor-element-populated\">\n\t\t\t\t\t\t\t\t<div class=\"elementor-element elementor-element-f2cf261 elementor-widget__width-initial elementor-widget elementor-widget-heading\" data-id=\"f2cf261\" data-element_type=\"widget\" data-widget_type=\"heading.default\">\n\t\t\t\t<div class=\"elementor-widget-container\">\n\t\t\t<style>\/*! elementor - v3.14.0 - 18-06-2023 *\/\n.elementor-heading-title{padding:0;margin:0;line-height:1}.elementor-widget-heading .elementor-heading-title[class*=elementor-size-]>a{color:inherit;font-size:inherit;line-height:inherit}.elementor-widget-heading .elementor-heading-title.elementor-size-small{font-size:15px}.elementor-widget-heading .elementor-heading-title.elementor-size-medium{font-size:19px}.elementor-widget-heading .elementor-heading-title.elementor-size-large{font-size:29px}.elementor-widget-heading .elementor-heading-title.elementor-size-xl{font-size:39px}.elementor-widget-heading .elementor-heading-title.elementor-size-xxl{font-size:59px}<\/style><h2 class=\"elementor-heading-title elementor-size-default translation-block\">P\u00ebrdit\u00ebsohuni me <b>T\u00eb rejat e fundit<\/b> dhe <b>Aktivitetet tona<\/b><\/h2>\t\t<\/div>\n\t\t\t\t<\/div>\n\t\t\t\t<div class=\"elementor-element elementor-element-abb2d98 elementor-widget-divider--view-line elementor-widget elementor-widget-divider\" data-id=\"abb2d98\" data-element_type=\"widget\" data-widget_type=\"divider.default\">\n\t\t\t\t<div class=\"elementor-widget-container\">\n\t\t\t<style>\/*! elementor - v3.14.0 - 18-06-2023 *\/\n.elementor-widget-divider{--divider-border-style:none;--divider-border-width:1px;--divider-color:#0c0d0e;--divider-icon-size:20px;--divider-element-spacing:10px;--divider-pattern-height:24px;--divider-pattern-size:20px;--divider-pattern-url:none;--divider-pattern-repeat:repeat-x}.elementor-widget-divider .elementor-divider{display:flex}.elementor-widget-divider .elementor-divider__text{font-size:15px;line-height:1;max-width:95%}.elementor-widget-divider .elementor-divider__element{margin:0 var(--divider-element-spacing);flex-shrink:0}.elementor-widget-divider .elementor-icon{font-size:var(--divider-icon-size)}.elementor-widget-divider .elementor-divider-separator{display:flex;margin:0;direction:ltr}.elementor-widget-divider--view-line_icon .elementor-divider-separator,.elementor-widget-divider--view-line_text .elementor-divider-separator{align-items:center}.elementor-widget-divider--view-line_icon .elementor-divider-separator:after,.elementor-widget-divider--view-line_icon .elementor-divider-separator:before,.elementor-widget-divider--view-line_text .elementor-divider-separator:after,.elementor-widget-divider--view-line_text .elementor-divider-separator:before{display:block;content:\"\";border-bottom:0;flex-grow:1;border-top:var(--divider-border-width) var(--divider-border-style) var(--divider-color)}.elementor-widget-divider--element-align-left .elementor-divider .elementor-divider-separator>.elementor-divider__svg:first-of-type{flex-grow:0;flex-shrink:100}.elementor-widget-divider--element-align-left .elementor-divider-separator:before{content:none}.elementor-widget-divider--element-align-left .elementor-divider__element{margin-left:0}.elementor-widget-divider--element-align-right .elementor-divider .elementor-divider-separator>.elementor-divider__svg:last-of-type{flex-grow:0;flex-shrink:100}.elementor-widget-divider--element-align-right .elementor-divider-separator:after{content:none}.elementor-widget-divider--element-align-right .elementor-divider__element{margin-right:0}.elementor-widget-divider:not(.elementor-widget-divider--view-line_text):not(.elementor-widget-divider--view-line_icon) .elementor-divider-separator{border-top:var(--divider-border-width) var(--divider-border-style) var(--divider-color)}.elementor-widget-divider--separator-type-pattern{--divider-border-style:none}.elementor-widget-divider--separator-type-pattern.elementor-widget-divider--view-line .elementor-divider-separator,.elementor-widget-divider--separator-type-pattern:not(.elementor-widget-divider--view-line) .elementor-divider-separator:after,.elementor-widget-divider--separator-type-pattern:not(.elementor-widget-divider--view-line) .elementor-divider-separator:before,.elementor-widget-divider--separator-type-pattern:not([class*=elementor-widget-divider--view]) .elementor-divider-separator{width:100%;min-height:var(--divider-pattern-height);-webkit-mask-size:var(--divider-pattern-size) 100%;mask-size:var(--divider-pattern-size) 100%;-webkit-mask-repeat:var(--divider-pattern-repeat);mask-repeat:var(--divider-pattern-repeat);background-color:var(--divider-color);-webkit-mask-image:var(--divider-pattern-url);mask-image:var(--divider-pattern-url)}.elementor-widget-divider--no-spacing{--divider-pattern-size:auto}.elementor-widget-divider--bg-round{--divider-pattern-repeat:round}.rtl .elementor-widget-divider .elementor-divider__text{direction:rtl}.e-con-inner>.elementor-widget-divider,.e-con>.elementor-widget-divider{width:var(--container-widget-width,100%);--flex-grow:var(--container-widget-flex-grow)}<\/style>\t\t<div class=\"elementor-divider\">\n\t\t\t<span class=\"elementor-divider-separator\">\n\t\t\t\t\t\t<\/span>\n\t\t<\/div>\n\t\t\t\t<\/div>\n\t\t\t\t<\/div>\n\t\t\t\t<div class=\"elementor-element elementor-element-a878b25 elementor-widget__width-initial elementor-widget elementor-widget-heading\" data-id=\"a878b25\" data-element_type=\"widget\" data-widget_type=\"heading.default\">\n\t\t\t\t<div class=\"elementor-widget-container\">\n\t\t\t<p class=\"elementor-heading-title elementor-size-default\">Zbuloni pse SKAI \u00ebsht\u00eb partneri m\u00eb i besuesh\u00ebm p\u00ebr biznesin tuaj.<\/p>\t\t<\/div>\n\t\t\t\t<\/div>\n\t\t\t\t<div class=\"elementor-element elementor-element-361c612 elementor-widget elementor-widget-button\" data-id=\"361c612\" data-element_type=\"widget\" data-widget_type=\"button.default\">\n\t\t\t\t<div class=\"elementor-widget-container\">\n\t\t\t\t\t<div class=\"elementor-button-wrapper\">\n\t\t\t<a class=\"elementor-button elementor-button-link elementor-size-sm\" href=\"https:\/\/skai.al\/sq\/contact\/\">\n\t\t\t\t\t\t<span class=\"elementor-button-content-wrapper\">\n\t\t\t\t\t\t<span class=\"elementor-button-text\">LET'S TALK<\/span>\n\t\t<\/span>\n\t\t\t\t\t<\/a>\n\t\t<\/div>\n\t\t\t\t<\/div>\n\t\t\t\t<\/div>\n\t\t\t\t\t<\/div>\n\t\t<\/div>\n\t\t\t\t\t\t\t<\/div>\n\t\t<\/section>\n\t\t\t\t<section class=\"elementor-section elementor-top-section elementor-element elementor-element-6fbe2a1 elementor-section-boxed elementor-section-height-default elementor-section-height-default\" data-id=\"6fbe2a1\" data-element_type=\"section\">\n\t\t\t\t\t\t<div class=\"elementor-container elementor-column-gap-default\">\n\t\t\t\t\t<div class=\"elementor-column elementor-col-100 elementor-top-column elementor-element elementor-element-b409ff2\" data-id=\"b409ff2\" data-element_type=\"column\">\n\t\t\t<div class=\"elementor-widget-wrap elementor-element-populated\">\n\t\t\t\t\t\t\t\t<div class=\"elementor-element elementor-element-17f550d elementor-grid-eael-col-2 elementor-grid-tablet-eael-col-2 elementor-grid-mobile-eael-col-1 elementor-widget elementor-widget-eael-post-grid\" data-id=\"17f550d\" data-element_type=\"widget\" data-settings=\"{&quot;eael_post_grid_columns&quot;:&quot;eael-col-2&quot;,&quot;eael_post_grid_columns_tablet&quot;:&quot;eael-col-2&quot;,&quot;eael_post_grid_columns_mobile&quot;:&quot;eael-col-1&quot;}\" data-widget_type=\"eael-post-grid.default\">\n\t\t\t\t<div class=\"elementor-widget-container\">\n\t\t\t<div id=\"eael-post-grid-17f550d\" class=\"eael-post-grid-container\">\n            <div class=\"eael-post-grid eael-post-appender eael-post-appender-17f550d eael-post-grid-style-default\" data-layout-mode=\"masonry\"><article class=\"eael-grid-post eael-post-grid-column\" data-id=\"1712\">\n        <div class=\"eael-grid-post-holder\">\n            <div class=\"eael-grid-post-holder-inner\"><div class=\"eael-entry-media\"><div class=\"eael-entry-overlay fade-in\"><i class=\"fas fa-long-arrow-alt-right\" aria-hidden=\"true\"><\/i><a href=\"https:\/\/skai.al\/sq\/blog\/skai-cloud-hosting-a-superior-alternative-to-traditional-shared-hosting\/\"><\/a><\/div><div class=\"eael-entry-thumbnail\">\n                <img width=\"1080\" height=\"720\" src=\"https:\/\/skai.al\/wp-content\/uploads\/2023\/06\/two-business-people-standing-server-room-with-laptop-discussing.jpg\" class=\"attachment-full size-full wp-image-1714\" alt=\"\" decoding=\"async\" loading=\"lazy\" srcset=\"https:\/\/skai.al\/wp-content\/uploads\/2023\/06\/two-business-people-standing-server-room-with-laptop-discussing.jpg 1080w, https:\/\/skai.al\/wp-content\/uploads\/2023\/06\/two-business-people-standing-server-room-with-laptop-discussing-300x200.jpg 300w, https:\/\/skai.al\/wp-content\/uploads\/2023\/06\/two-business-people-standing-server-room-with-laptop-discussing-1024x683.jpg 1024w, https:\/\/skai.al\/wp-content\/uploads\/2023\/06\/two-business-people-standing-server-room-with-laptop-discussing-768x512.jpg 768w, https:\/\/skai.al\/wp-content\/uploads\/2023\/06\/two-business-people-standing-server-room-with-laptop-discussing-18x12.jpg 18w\" sizes=\"(max-width: 1080px) 100vw, 1080px\" \/>\n            <\/div>\n        <\/div><div class=\"eael-entry-wrapper\"><header class=\"eael-entry-header\"><h2 class=\"eael-entry-title\"><a\n                        class=\"eael-grid-post-link\"\n                        href=\"https:\/\/skai.al\/sq\/blog\/skai-cloud-hosting-a-superior-alternative-to-traditional-shared-hosting\/\"\n                        title=\"Benefits of SKAI Cloud Hosting\">Benefits of SKAI Cloud Hosting<\/a><\/h2><\/header><div class=\"eael-entry-content\">\n                        <div class=\"eael-grid-post-excerpt\"><p>A Superior Alternative to Traditional Shared Hosting When it comes to hosting your website, you have a variety of options available. Two popular choices are...<\/p><\/div>\n                    <\/div><div class=\"eael-entry-footer\"><div class=\"eael-entry-meta\"><\/div><\/div><\/div><\/div>\n        <\/div>\n    <\/article><article class=\"eael-grid-post eael-post-grid-column\" data-id=\"1643\">\n        <div class=\"eael-grid-post-holder\">\n            <div class=\"eael-grid-post-holder-inner\"><div class=\"eael-entry-media\"><div class=\"eael-entry-overlay fade-in\"><i class=\"fas fa-long-arrow-alt-right\" aria-hidden=\"true\"><\/i><a href=\"https:\/\/skai.al\/sq\/blog\/the-power-of-seo-boosting-your-websites-success\/\"><\/a><\/div><div class=\"eael-entry-thumbnail\">\n                <img width=\"1080\" height=\"807\" src=\"https:\/\/skai.al\/wp-content\/uploads\/2023\/06\/seo-renditja-ne-google-e1687262430370.jpg\" class=\"attachment-full size-full wp-image-1708\" alt=\"\" decoding=\"async\" loading=\"lazy\" srcset=\"https:\/\/skai.al\/wp-content\/uploads\/2023\/06\/seo-renditja-ne-google-e1687262430370.jpg 1080w, https:\/\/skai.al\/wp-content\/uploads\/2023\/06\/seo-renditja-ne-google-e1687262430370-300x224.jpg 300w, https:\/\/skai.al\/wp-content\/uploads\/2023\/06\/seo-renditja-ne-google-e1687262430370-1024x765.jpg 1024w, https:\/\/skai.al\/wp-content\/uploads\/2023\/06\/seo-renditja-ne-google-e1687262430370-768x574.jpg 768w, https:\/\/skai.al\/wp-content\/uploads\/2023\/06\/seo-renditja-ne-google-e1687262430370-16x12.jpg 16w\" sizes=\"(max-width: 1080px) 100vw, 1080px\" \/>\n            <\/div>\n        <\/div><div class=\"eael-entry-wrapper\"><header class=\"eael-entry-header\"><h2 class=\"eael-entry-title\"><a\n                        class=\"eael-grid-post-link\"\n                        href=\"https:\/\/skai.al\/sq\/blog\/the-power-of-seo-boosting-your-websites-success\/\"\n                        title=\"The Power of SEO\">The Power of SEO<\/a><\/h2><\/header><div class=\"eael-entry-content\">\n                        <div class=\"eael-grid-post-excerpt\"><p>Boosting Your Website&#8217;s Success In today&#8217;s digital age, having a strong online presence is crucial for businesses of all sizes. And when it comes to...<\/p><\/div>\n                    <\/div><div class=\"eael-entry-footer\"><div class=\"eael-entry-meta\"><\/div><\/div><\/div><\/div>\n        <\/div>\n    <\/article><\/div>\n            <div class=\"clearfix\"><\/div>\n        <\/div>\t\t<\/div>\n\t\t\t\t<\/div>\n\t\t\t\t\t<\/div>\n\t\t<\/div>\n\t\t\t\t\t\t\t<\/div>\n\t\t<\/section>\n\t\t\t\t\t\t\t<\/div>","protected":false},"excerpt":{"rendered":"<p>Stay Updated with Our Latest News and Activities Find out why SKAI is the most reliable partner for your business. LET&#8217;S TALK The Power of SEO: Boosting Your Website&#8217;s Success In today&#8217;s digital age, having a strong online presence is crucial for businesses of all sizes. And when it comes to establishing your brand and&#8230;<\/p>","protected":false},"author":1,"featured_media":0,"parent":0,"menu_order":0,"comment_status":"closed","ping_status":"closed","template":"elementor_header_footer","meta":{"inline_featured_image":false},"yoast_head":"<!-- This site is optimized with the Yoast SEO plugin v20.9 - https:\/\/yoast.com\/wordpress\/plugins\/seo\/ -->\n<title>Blog - SKAI Software Solutions<\/title>\n<meta name=\"robots\" content=\"index, follow, max-snippet:-1, max-image-preview:large, max-video-preview:-1\" \/>\n<link rel=\"canonical\" href=\"https:\/\/skai.al\/sq\/blog\/\" \/>\n<meta property=\"og:locale\" content=\"sq_AL\" \/>\n<meta property=\"og:type\" content=\"article\" \/>\n<meta property=\"og:title\" content=\"Blog - SKAI Software Solutions\" \/>\n<meta property=\"og:description\" content=\"Stay Updated with Our Latest News and Activities Find out why SKAI is the most reliable partner for your business. LET&#8217;S TALK The Power of SEO: Boosting Your Website&#8217;s Success In today&#8217;s digital age, having a strong online presence is crucial for businesses of all sizes. And when it comes to establishing your brand and&#8230;\" \/>\n<meta property=\"og:url\" content=\"https:\/\/skai.al\/sq\/blog\/\" \/>\n<meta property=\"og:site_name\" content=\"SKAI Software Solutions\" \/>\n<meta property=\"article:publisher\" content=\"https:\/\/www.facebook.com\/skaisoftwaresolutions\" \/>\n<meta property=\"article:modified_time\" content=\"2023-06-20T15:03:52+00:00\" \/>\n<meta property=\"og:image\" content=\"https:\/\/skai.al\/wp-content\/uploads\/2023\/06\/seo-renditja-ne-google-e1687262430370.jpg\" \/>\n<meta name=\"twitter:card\" content=\"summary_large_image\" \/>\n<meta name=\"twitter:label1\" content=\"Est. reading time\" \/>\n\t<meta name=\"twitter:data1\" content=\"1 minut\u00eb\" \/>\n<script type=\"application\/ld+json\" class=\"yoast-schema-graph\">{\"@context\":\"https:\/\/schema.org\",\"@graph\":[{\"@type\":\"WebPage\",\"@id\":\"https:\/\/skai.al\/blog\/\",\"url\":\"https:\/\/skai.al\/blog\/\",\"name\":\"Blog - SKAI Software Solutions\",\"isPartOf\":{\"@id\":\"https:\/\/skai.al\/#website\"},\"datePublished\":\"2022-07-08T11:25:33+00:00\",\"dateModified\":\"2023-06-20T15:03:52+00:00\",\"breadcrumb\":{\"@id\":\"https:\/\/skai.al\/blog\/#breadcrumb\"},\"inLanguage\":\"sq\",\"potentialAction\":[{\"@type\":\"ReadAction\",\"target\":[\"https:\/\/skai.al\/blog\/\"]}]},{\"@type\":\"BreadcrumbList\",\"@id\":\"https:\/\/skai.al\/blog\/#breadcrumb\",\"itemListElement\":[{\"@type\":\"ListItem\",\"position\":1,\"name\":\"Home\",\"item\":\"https:\/\/skai.al\/\"},{\"@type\":\"ListItem\",\"position\":2,\"name\":\"Blog\"}]},{\"@type\":\"WebSite\",\"@id\":\"https:\/\/skai.al\/#website\",\"url\":\"https:\/\/skai.al\/\",\"name\":\"SKAI Software Solutions\",\"description\":\"\",\"publisher\":{\"@id\":\"https:\/\/skai.al\/#organization\"},\"potentialAction\":[{\"@type\":\"SearchAction\",\"target\":{\"@type\":\"EntryPoint\",\"urlTemplate\":\"https:\/\/skai.al\/?s={search_term_string}\"},\"query-input\":\"required name=search_term_string\"}],\"inLanguage\":\"sq\"},{\"@type\":\"Organization\",\"@id\":\"https:\/\/skai.al\/#organization\",\"name\":\"SKAI Software Solutions\",\"url\":\"https:\/\/skai.al\/\",\"logo\":{\"@type\":\"ImageObject\",\"inLanguage\":\"sq\",\"@id\":\"https:\/\/skai.al\/#\/schema\/logo\/image\/\",\"url\":\"https:\/\/skai.al\/wp-content\/uploads\/2022\/07\/logo-skai-web.png\",\"contentUrl\":\"https:\/\/skai.al\/wp-content\/uploads\/2022\/07\/logo-skai-web.png\",\"width\":412,\"height\":145,\"caption\":\"SKAI Software Solutions\"},\"image\":{\"@id\":\"https:\/\/skai.al\/#\/schema\/logo\/image\/\"},\"sameAs\":[\"https:\/\/www.facebook.com\/skaisoftwaresolutions\",\"http:\/\/linkedin.com\/company\/skaisoftwaresolutions\/\",\"https:\/\/www.instagram.com\/skaisoftwaresolutions\/\"]}]}<\/script>\n<!-- \/ Yoast SEO plugin. -->","yoast_head_json":{"title":"Blog - SKAI Software Solutions","robots":{"index":"index","follow":"follow","max-snippet":"max-snippet:-1","max-image-preview":"max-image-preview:large","max-video-preview":"max-video-preview:-1"},"canonical":"https:\/\/skai.al\/sq\/blog\/","og_locale":"sq_AL","og_type":"article","og_title":"Blog - SKAI Software Solutions","og_description":"Stay Updated with Our Latest News and Activities Find out why SKAI is the most reliable partner for your business. LET&#8217;S TALK The Power of SEO: Boosting Your Website&#8217;s Success In today&#8217;s digital age, having a strong online presence is crucial for businesses of all sizes. And when it comes to establishing your brand and&#8230;","og_url":"https:\/\/skai.al\/sq\/blog\/","og_site_name":"SKAI Software Solutions","article_publisher":"https:\/\/www.facebook.com\/skaisoftwaresolutions","article_modified_time":"2023-06-20T15:03:52+00:00","og_image":[{"url":"https:\/\/skai.al\/wp-content\/uploads\/2023\/06\/seo-renditja-ne-google-e1687262430370.jpg"}],"twitter_card":"summary_large_image","twitter_misc":{"Est. reading time":"1 minut\u00eb"},"schema":{"@context":"https:\/\/schema.org","@graph":[{"@type":"WebPage","@id":"https:\/\/skai.al\/blog\/","url":"https:\/\/skai.al\/blog\/","name":"Blog - SKAI Software Solutions","isPartOf":{"@id":"https:\/\/skai.al\/#website"},"datePublished":"2022-07-08T11:25:33+00:00","dateModified":"2023-06-20T15:03:52+00:00","breadcrumb":{"@id":"https:\/\/skai.al\/blog\/#breadcrumb"},"inLanguage":"sq","potentialAction":[{"@type":"ReadAction","target":["https:\/\/skai.al\/blog\/"]}]},{"@type":"BreadcrumbList","@id":"https:\/\/skai.al\/blog\/#breadcrumb","itemListElement":[{"@type":"ListItem","position":1,"name":"Home","item":"https:\/\/skai.al\/"},{"@type":"ListItem","position":2,"name":"Blog"}]},{"@type":"WebSite","@id":"https:\/\/skai.al\/#website","url":"https:\/\/skai.al\/","name":"SKAI Software Solutions","description":"","publisher":{"@id":"https:\/\/skai.al\/#organization"},"potentialAction":[{"@type":"SearchAction","target":{"@type":"EntryPoint","urlTemplate":"https:\/\/skai.al\/?s={search_term_string}"},"query-input":"required name=search_term_string"}],"inLanguage":"sq"},{"@type":"Organization","@id":"https:\/\/skai.al\/#organization","name":"SKAI Software Solutions","url":"https:\/\/skai.al\/","logo":{"@type":"ImageObject","inLanguage":"sq","@id":"https:\/\/skai.al\/#\/schema\/logo\/image\/","url":"https:\/\/skai.al\/wp-content\/uploads\/2022\/07\/logo-skai-web.png","contentUrl":"https:\/\/skai.al\/wp-content\/uploads\/2022\/07\/logo-skai-web.png","width":412,"height":145,"caption":"SKAI Software Solutions"},"image":{"@id":"https:\/\/skai.al\/#\/schema\/logo\/image\/"},"sameAs":["https:\/\/www.facebook.com\/skaisoftwaresolutions","http:\/\/linkedin.com\/company\/skaisoftwaresolutions\/","https:\/\/www.instagram.com\/skaisoftwaresolutions\/"]}]}},"_links":{"self":[{"href":"https:\/\/skai.al\/sq\/wp-json\/wp\/v2\/pages\/157"}],"collection":[{"href":"https:\/\/skai.al\/sq\/wp-json\/wp\/v2\/pages"}],"about":[{"href":"https:\/\/skai.al\/sq\/wp-json\/wp\/v2\/types\/page"}],"author":[{"embeddable":true,"href":"https:\/\/skai.al\/sq\/wp-json\/wp\/v2\/users\/1"}],"replies":[{"embeddable":true,"href":"https:\/\/skai.al\/sq\/wp-json\/wp\/v2\/comments?post=157"}],"version-history":[{"count":37,"href":"https:\/\/skai.al\/sq\/wp-json\/wp\/v2\/pages\/157\/revisions"}],"predecessor-version":[{"id":1711,"href":"https:\/\/skai.al\/sq\/wp-json\/wp\/v2\/pages\/157\/revisions\/1711"}],"wp:attachment":[{"href":"https:\/\/skai.al\/sq\/wp-json\/wp\/v2\/media?parent=157"}],"curies":[{"name":"wp","href":"https:\/\/api.w.org\/{rel}","templated":true}]}}