{"id":163,"date":"2022-07-08T11:25:53","date_gmt":"2022-07-08T11:25:53","guid":{"rendered":"https:\/\/skai.al\/?page_id=163"},"modified":"2022-09-14T18:28:05","modified_gmt":"2022-09-14T18:28:05","slug":"contact","status":"publish","type":"page","link":"https:\/\/skai.al\/sq\/contact\/","title":{"rendered":"Kontakt"},"content":{"rendered":"<div data-elementor-type=\"wp-page\" data-elementor-id=\"163\" class=\"elementor elementor-163\">\n\t\t\t\t\t\t\t\t\t<section class=\"elementor-section elementor-top-section elementor-element elementor-element-3e3781d elementor-section-boxed elementor-section-height-default elementor-section-height-default\" data-id=\"3e3781d\" data-element_type=\"section\" data-settings=\"{&quot;background_background&quot;:&quot;classic&quot;}\">\n\t\t\t\t\t\t\t<div class=\"elementor-background-overlay\"><\/div>\n\t\t\t\t\t\t\t<div class=\"elementor-container elementor-column-gap-default\">\n\t\t\t\t\t<div class=\"elementor-column elementor-col-100 elementor-top-column elementor-element elementor-element-90fe5e2\" data-id=\"90fe5e2\" data-element_type=\"column\">\n\t\t\t<div class=\"elementor-widget-wrap elementor-element-populated\">\n\t\t\t\t\t\t\t\t<div class=\"elementor-element elementor-element-a17ff46 elementor-widget elementor-widget-heading\" data-id=\"a17ff46\" data-element_type=\"widget\" data-widget_type=\"heading.default\">\n\t\t\t\t<div class=\"elementor-widget-container\">\n\t\t\t<style>\/*! elementor - v3.14.0 - 18-06-2023 *\/\n.elementor-heading-title{padding:0;margin:0;line-height:1}.elementor-widget-heading .elementor-heading-title[class*=elementor-size-]>a{color:inherit;font-size:inherit;line-height:inherit}.elementor-widget-heading .elementor-heading-title.elementor-size-small{font-size:15px}.elementor-widget-heading .elementor-heading-title.elementor-size-medium{font-size:19px}.elementor-widget-heading .elementor-heading-title.elementor-size-large{font-size:29px}.elementor-widget-heading .elementor-heading-title.elementor-size-xl{font-size:39px}.elementor-widget-heading .elementor-heading-title.elementor-size-xxl{font-size:59px}<\/style><h2 class=\"elementor-heading-title elementor-size-default\">Kontaktoni<br>Ekipin ton\u00eb<\/h2>\t\t<\/div>\n\t\t\t\t<\/div>\n\t\t\t\t<div class=\"elementor-element elementor-element-93477a2 elementor-widget-divider--view-line elementor-widget elementor-widget-divider\" data-id=\"93477a2\" data-element_type=\"widget\" data-widget_type=\"divider.default\">\n\t\t\t\t<div class=\"elementor-widget-container\">\n\t\t\t<style>\/*! elementor - v3.14.0 - 18-06-2023 *\/\n.elementor-widget-divider{--divider-border-style:none;--divider-border-width:1px;--divider-color:#0c0d0e;--divider-icon-size:20px;--divider-element-spacing:10px;--divider-pattern-height:24px;--divider-pattern-size:20px;--divider-pattern-url:none;--divider-pattern-repeat:repeat-x}.elementor-widget-divider .elementor-divider{display:flex}.elementor-widget-divider .elementor-divider__text{font-size:15px;line-height:1;max-width:95%}.elementor-widget-divider .elementor-divider__element{margin:0 var(--divider-element-spacing);flex-shrink:0}.elementor-widget-divider .elementor-icon{font-size:var(--divider-icon-size)}.elementor-widget-divider .elementor-divider-separator{display:flex;margin:0;direction:ltr}.elementor-widget-divider--view-line_icon .elementor-divider-separator,.elementor-widget-divider--view-line_text .elementor-divider-separator{align-items:center}.elementor-widget-divider--view-line_icon .elementor-divider-separator:after,.elementor-widget-divider--view-line_icon .elementor-divider-separator:before,.elementor-widget-divider--view-line_text .elementor-divider-separator:after,.elementor-widget-divider--view-line_text .elementor-divider-separator:before{display:block;content:\"\";border-bottom:0;flex-grow:1;border-top:var(--divider-border-width) var(--divider-border-style) var(--divider-color)}.elementor-widget-divider--element-align-left .elementor-divider .elementor-divider-separator>.elementor-divider__svg:first-of-type{flex-grow:0;flex-shrink:100}.elementor-widget-divider--element-align-left .elementor-divider-separator:before{content:none}.elementor-widget-divider--element-align-left .elementor-divider__element{margin-left:0}.elementor-widget-divider--element-align-right .elementor-divider .elementor-divider-separator>.elementor-divider__svg:last-of-type{flex-grow:0;flex-shrink:100}.elementor-widget-divider--element-align-right .elementor-divider-separator:after{content:none}.elementor-widget-divider--element-align-right .elementor-divider__element{margin-right:0}.elementor-widget-divider:not(.elementor-widget-divider--view-line_text):not(.elementor-widget-divider--view-line_icon) .elementor-divider-separator{border-top:var(--divider-border-width) var(--divider-border-style) var(--divider-color)}.elementor-widget-divider--separator-type-pattern{--divider-border-style:none}.elementor-widget-divider--separator-type-pattern.elementor-widget-divider--view-line .elementor-divider-separator,.elementor-widget-divider--separator-type-pattern:not(.elementor-widget-divider--view-line) .elementor-divider-separator:after,.elementor-widget-divider--separator-type-pattern:not(.elementor-widget-divider--view-line) .elementor-divider-separator:before,.elementor-widget-divider--separator-type-pattern:not([class*=elementor-widget-divider--view]) .elementor-divider-separator{width:100%;min-height:var(--divider-pattern-height);-webkit-mask-size:var(--divider-pattern-size) 100%;mask-size:var(--divider-pattern-size) 100%;-webkit-mask-repeat:var(--divider-pattern-repeat);mask-repeat:var(--divider-pattern-repeat);background-color:var(--divider-color);-webkit-mask-image:var(--divider-pattern-url);mask-image:var(--divider-pattern-url)}.elementor-widget-divider--no-spacing{--divider-pattern-size:auto}.elementor-widget-divider--bg-round{--divider-pattern-repeat:round}.rtl .elementor-widget-divider .elementor-divider__text{direction:rtl}.e-con-inner>.elementor-widget-divider,.e-con>.elementor-widget-divider{width:var(--container-widget-width,100%);--flex-grow:var(--container-widget-flex-grow)}<\/style>\t\t<div class=\"elementor-divider\">\n\t\t\t<span class=\"elementor-divider-separator\">\n\t\t\t\t\t\t<\/span>\n\t\t<\/div>\n\t\t\t\t<\/div>\n\t\t\t\t<\/div>\n\t\t\t\t<div class=\"elementor-element elementor-element-1e41b60 elementor-widget__width-initial elementor-widget elementor-widget-heading\" data-id=\"1e41b60\" data-element_type=\"widget\" data-widget_type=\"heading.default\">\n\t\t\t\t<div class=\"elementor-widget-container\">\n\t\t\t<p class=\"elementor-heading-title elementor-size-default\">Zbuloni pse SKAI \u00ebsht\u00eb partneri m\u00eb i besuesh\u00ebm p\u00ebr biznesin tuaj.<\/p>\t\t<\/div>\n\t\t\t\t<\/div>\n\t\t\t\t\t<\/div>\n\t\t<\/div>\n\t\t\t\t\t\t\t<\/div>\n\t\t<\/section>\n\t\t\t\t<section class=\"elementor-section elementor-top-section elementor-element elementor-element-791ea42 elementor-hidden-mobile elementor-section-boxed elementor-section-height-default elementor-section-height-default\" data-id=\"791ea42\" data-element_type=\"section\">\n\t\t\t\t\t\t<div class=\"elementor-container elementor-column-gap-default\">\n\t\t\t\t\t<div class=\"elementor-column elementor-col-14 elementor-top-column elementor-element elementor-element-0fe0eed\" data-id=\"0fe0eed\" data-element_type=\"column\">\n\t\t\t<div class=\"elementor-widget-wrap elementor-element-populated\">\n\t\t\t\t\t\t\t\t<div class=\"elementor-element elementor-element-9ca6bf2 elementor-widget elementor-widget-image\" data-id=\"9ca6bf2\" data-element_type=\"widget\" data-widget_type=\"image.default\">\n\t\t\t\t<div class=\"elementor-widget-container\">\n\t\t\t<style>\/*! elementor - v3.14.0 - 18-06-2023 *\/\n.elementor-widget-image{text-align:center}.elementor-widget-image a{display:inline-block}.elementor-widget-image a img[src$=\".svg\"]{width:48px}.elementor-widget-image img{vertical-align:middle;display:inline-block}<\/style>\t\t\t\t\t\t\t\t\t\t\t\t<img decoding=\"async\" width=\"580\" height=\"70\" src=\"https:\/\/skai.al\/wp-content\/uploads\/2022\/07\/Asset-7.png\" class=\"attachment-large size-large wp-image-333\" alt=\"\" loading=\"lazy\" srcset=\"https:\/\/skai.al\/wp-content\/uploads\/2022\/07\/Asset-7.png 1024w, https:\/\/skai.al\/wp-content\/uploads\/2022\/07\/Asset-7-300x36.png 300w, https:\/\/skai.al\/wp-content\/uploads\/2022\/07\/Asset-7-768x93.png 768w\" sizes=\"(max-width: 580px) 100vw, 580px\" \/>\t\t\t\t\t\t\t\t\t\t\t\t\t\t\t<\/div>\n\t\t\t\t<\/div>\n\t\t\t\t\t<\/div>\n\t\t<\/div>\n\t\t\t\t<div class=\"elementor-column elementor-col-14 elementor-top-column elementor-element elementor-element-34d437b\" data-id=\"34d437b\" data-element_type=\"column\">\n\t\t\t<div class=\"elementor-widget-wrap elementor-element-populated\">\n\t\t\t\t\t\t\t\t<div class=\"elementor-element elementor-element-f9b339e elementor-widget elementor-widget-image\" data-id=\"f9b339e\" data-element_type=\"widget\" data-widget_type=\"image.default\">\n\t\t\t\t<div class=\"elementor-widget-container\">\n\t\t\t\t\t\t\t\t\t\t\t\t\t\t\t<img decoding=\"async\" width=\"564\" height=\"120\" src=\"https:\/\/skai.al\/wp-content\/uploads\/2022\/07\/Asset-8.png\" class=\"attachment-large size-large wp-image-334\" alt=\"\" loading=\"lazy\" srcset=\"https:\/\/skai.al\/wp-content\/uploads\/2022\/07\/Asset-8.png 564w, https:\/\/skai.al\/wp-content\/uploads\/2022\/07\/Asset-8-300x64.png 300w\" sizes=\"(max-width: 564px) 100vw, 564px\" \/>\t\t\t\t\t\t\t\t\t\t\t\t\t\t\t<\/div>\n\t\t\t\t<\/div>\n\t\t\t\t\t<\/div>\n\t\t<\/div>\n\t\t\t\t<div class=\"elementor-column elementor-col-14 elementor-top-column elementor-element elementor-element-7d81047\" data-id=\"7d81047\" data-element_type=\"column\">\n\t\t\t<div class=\"elementor-widget-wrap elementor-element-populated\">\n\t\t\t\t\t\t\t\t<div class=\"elementor-element elementor-element-5950e6a elementor-widget elementor-widget-image\" data-id=\"5950e6a\" data-element_type=\"widget\" data-widget_type=\"image.default\">\n\t\t\t\t<div class=\"elementor-widget-container\">\n\t\t\t\t\t\t\t\t\t\t\t\t\t\t\t<img decoding=\"async\" width=\"525\" height=\"229\" src=\"https:\/\/skai.al\/wp-content\/uploads\/2022\/07\/Asset-9.png\" class=\"attachment-large size-large wp-image-335\" alt=\"\" loading=\"lazy\" srcset=\"https:\/\/skai.al\/wp-content\/uploads\/2022\/07\/Asset-9.png 525w, https:\/\/skai.al\/wp-content\/uploads\/2022\/07\/Asset-9-300x131.png 300w\" sizes=\"(max-width: 525px) 100vw, 525px\" \/>\t\t\t\t\t\t\t\t\t\t\t\t\t\t\t<\/div>\n\t\t\t\t<\/div>\n\t\t\t\t\t<\/div>\n\t\t<\/div>\n\t\t\t\t<div class=\"elementor-column elementor-col-14 elementor-top-column elementor-element elementor-element-7e27d90\" data-id=\"7e27d90\" data-element_type=\"column\">\n\t\t\t<div class=\"elementor-widget-wrap elementor-element-populated\">\n\t\t\t\t\t\t\t\t<div class=\"elementor-element elementor-element-61314ff elementor-widget elementor-widget-image\" data-id=\"61314ff\" data-element_type=\"widget\" data-widget_type=\"image.default\">\n\t\t\t\t<div class=\"elementor-widget-container\">\n\t\t\t\t\t\t\t\t\t\t\t\t\t\t\t<img decoding=\"async\" width=\"580\" height=\"196\" src=\"https:\/\/skai.al\/wp-content\/uploads\/2022\/07\/Asset-11.png\" class=\"attachment-large size-large wp-image-368\" alt=\"\" loading=\"lazy\" srcset=\"https:\/\/skai.al\/wp-content\/uploads\/2022\/07\/Asset-11.png 602w, https:\/\/skai.al\/wp-content\/uploads\/2022\/07\/Asset-11-300x101.png 300w\" sizes=\"(max-width: 580px) 100vw, 580px\" \/>\t\t\t\t\t\t\t\t\t\t\t\t\t\t\t<\/div>\n\t\t\t\t<\/div>\n\t\t\t\t\t<\/div>\n\t\t<\/div>\n\t\t\t\t<div class=\"elementor-column elementor-col-14 elementor-top-column elementor-element elementor-element-c69e5b9\" data-id=\"c69e5b9\" data-element_type=\"column\">\n\t\t\t<div class=\"elementor-widget-wrap elementor-element-populated\">\n\t\t\t\t\t\t\t\t<div class=\"elementor-element elementor-element-f80b3d6 elementor-widget elementor-widget-image\" data-id=\"f80b3d6\" data-element_type=\"widget\" data-widget_type=\"image.default\">\n\t\t\t\t<div class=\"elementor-widget-container\">\n\t\t\t\t\t\t\t\t\t\t\t\t\t\t\t<img decoding=\"async\" width=\"580\" height=\"76\" src=\"https:\/\/skai.al\/wp-content\/uploads\/2022\/07\/Asset-10.png\" class=\"attachment-large size-large wp-image-345\" alt=\"\" loading=\"lazy\" srcset=\"https:\/\/skai.al\/wp-content\/uploads\/2022\/07\/Asset-10.png 869w, https:\/\/skai.al\/wp-content\/uploads\/2022\/07\/Asset-10-300x39.png 300w, https:\/\/skai.al\/wp-content\/uploads\/2022\/07\/Asset-10-768x101.png 768w\" sizes=\"(max-width: 580px) 100vw, 580px\" \/>\t\t\t\t\t\t\t\t\t\t\t\t\t\t\t<\/div>\n\t\t\t\t<\/div>\n\t\t\t\t\t<\/div>\n\t\t<\/div>\n\t\t\t\t<div class=\"elementor-column elementor-col-14 elementor-top-column elementor-element elementor-element-48310eb\" data-id=\"48310eb\" data-element_type=\"column\">\n\t\t\t<div class=\"elementor-widget-wrap elementor-element-populated\">\n\t\t\t\t\t\t\t\t<div class=\"elementor-element elementor-element-fa835b5 elementor-widget elementor-widget-image\" data-id=\"fa835b5\" data-element_type=\"widget\" data-widget_type=\"image.default\">\n\t\t\t\t<div class=\"elementor-widget-container\">\n\t\t\t\t\t\t\t\t\t\t\t\t\t\t\t<img decoding=\"async\" width=\"580\" height=\"89\" src=\"https:\/\/skai.al\/wp-content\/uploads\/2022\/07\/Asset-12.png\" class=\"attachment-large size-large wp-image-375\" alt=\"\" loading=\"lazy\" srcset=\"https:\/\/skai.al\/wp-content\/uploads\/2022\/07\/Asset-12.png 1024w, https:\/\/skai.al\/wp-content\/uploads\/2022\/07\/Asset-12-300x46.png 300w, https:\/\/skai.al\/wp-content\/uploads\/2022\/07\/Asset-12-768x119.png 768w\" sizes=\"(max-width: 580px) 100vw, 580px\" \/>\t\t\t\t\t\t\t\t\t\t\t\t\t\t\t<\/div>\n\t\t\t\t<\/div>\n\t\t\t\t\t<\/div>\n\t\t<\/div>\n\t\t\t\t<div class=\"elementor-column elementor-col-14 elementor-top-column elementor-element elementor-element-443756a\" data-id=\"443756a\" data-element_type=\"column\">\n\t\t\t<div class=\"elementor-widget-wrap elementor-element-populated\">\n\t\t\t\t\t\t\t\t<div class=\"elementor-element elementor-element-1e8111c elementor-widget elementor-widget-image\" data-id=\"1e8111c\" data-element_type=\"widget\" data-widget_type=\"image.default\">\n\t\t\t\t<div class=\"elementor-widget-container\">\n\t\t\t\t\t\t\t\t\t\t\t\t\t\t\t<img decoding=\"async\" width=\"580\" height=\"110\" src=\"https:\/\/skai.al\/wp-content\/uploads\/2022\/07\/Asset-13.png\" class=\"attachment-large size-large wp-image-379\" alt=\"\" loading=\"lazy\" srcset=\"https:\/\/skai.al\/wp-content\/uploads\/2022\/07\/Asset-13.png 657w, https:\/\/skai.al\/wp-content\/uploads\/2022\/07\/Asset-13-300x57.png 300w\" sizes=\"(max-width: 580px) 100vw, 580px\" \/>\t\t\t\t\t\t\t\t\t\t\t\t\t\t\t<\/div>\n\t\t\t\t<\/div>\n\t\t\t\t\t<\/div>\n\t\t<\/div>\n\t\t\t\t\t\t\t<\/div>\n\t\t<\/section>\n\t\t\t\t<section class=\"elementor-section elementor-top-section elementor-element elementor-element-9c74ae8 elementor-section-boxed elementor-section-height-default elementor-section-height-default\" data-id=\"9c74ae8\" data-element_type=\"section\">\n\t\t\t\t\t\t<div class=\"elementor-container elementor-column-gap-default\">\n\t\t\t\t\t<div class=\"elementor-column elementor-col-50 elementor-top-column elementor-element elementor-element-6ddd19b\" data-id=\"6ddd19b\" data-element_type=\"column\">\n\t\t\t<div class=\"elementor-widget-wrap elementor-element-populated\">\n\t\t\t\t\t\t\t\t<div class=\"elementor-element elementor-element-a6c3bec elementor-widget elementor-widget-heading\" data-id=\"a6c3bec\" data-element_type=\"widget\" data-widget_type=\"heading.default\">\n\t\t\t\t<div class=\"elementor-widget-container\">\n\t\t\t<h4 class=\"elementor-heading-title elementor-size-default\">Le t\u00eb flasim p\u00ebr idet\u00eb dhe nevojat tuaja. Specialist\u00ebt tan\u00eb do t'ju k\u00ebshillojn\u00eb p\u00ebr zgjidhjet m\u00eb t\u00eb mira t\u00eb mundshme.<\/h4>\t\t<\/div>\n\t\t\t\t<\/div>\n\t\t\t\t<div class=\"elementor-element elementor-element-913b56b elementor-widget elementor-widget-heading\" data-id=\"913b56b\" data-element_type=\"widget\" data-widget_type=\"heading.default\">\n\t\t\t\t<div class=\"elementor-widget-container\">\n\t\t\t<h5 class=\"elementor-heading-title elementor-size-default\">info@skai.al <br>\n+355 (0) 696050500 <br><br>\n\nSKAI Software Solutions <br>\nSt.Stavri Themeli <br>\nTirana, Albania\n\n<\/h5>\t\t<\/div>\n\t\t\t\t<\/div>\n\t\t\t\t\t<\/div>\n\t\t<\/div>\n\t\t\t\t<div class=\"elementor-column elementor-col-50 elementor-top-column elementor-element elementor-element-8270ec1\" data-id=\"8270ec1\" data-element_type=\"column\">\n\t\t\t<div class=\"elementor-widget-wrap elementor-element-populated\">\n\t\t\t\t\t\t\t\t<div class=\"elementor-element elementor-element-e1c0dcf elementor-widget elementor-widget-heading\" data-id=\"e1c0dcf\" data-element_type=\"widget\" data-widget_type=\"heading.default\">\n\t\t\t\t<div class=\"elementor-widget-container\">\n\t\t\t<h5 class=\"elementor-heading-title elementor-size-default\">\n<div class=\"wpcf7 no-js\" id=\"wpcf7-f502-o1\" lang=\"en-US\" dir=\"ltr\">\n<div class=\"screen-reader-response\"><p role=\"status\" aria-live=\"polite\" aria-atomic=\"true\"><\/p> <ul><\/ul><\/div>\n<form action=\"\/sq\/wp-json\/wp\/v2\/pages\/163#wpcf7-f502-o1\" method=\"post\" class=\"wpcf7-form init\" aria-label=\"Contact form\" novalidate=\"novalidate\" data-status=\"init\" data-trp-original-action=\"\/sq\/wp-json\/wp\/v2\/pages\/163#wpcf7-f502-o1\">\n<div style=\"display: none;\">\n<input type=\"hidden\" name=\"_wpcf7\" value=\"502\" \/>\n<input type=\"hidden\" name=\"_wpcf7_version\" value=\"5.7.7\" \/>\n<input type=\"hidden\" name=\"_wpcf7_locale\" value=\"en_US\" \/>\n<input type=\"hidden\" name=\"_wpcf7_unit_tag\" value=\"wpcf7-f502-o1\" \/>\n<input type=\"hidden\" name=\"_wpcf7_container_post\" value=\"0\" \/>\n<input type=\"hidden\" name=\"_wpcf7_posted_data_hash\" value=\"\" \/>\n<\/div>\n<p><span class=\"wpcf7-form-control-wrap\" data-name=\"Name\"><input size=\"40\" class=\"wpcf7-form-control wpcf7-text wpcf7-validates-as-required\" aria-required=\"true\" aria-invalid=\"false\" placeholder=\"Emer \/ Mbiemer\" value=\"\" type=\"text\" name=\"Name\" \/><\/span><br \/>\n<span class=\"wpcf7-form-control-wrap\" data-name=\"Phone\"><input size=\"40\" class=\"wpcf7-form-control wpcf7-text wpcf7-tel wpcf7-validates-as-required wpcf7-validates-as-tel\" aria-required=\"true\" aria-invalid=\"false\" placeholder=\"Telefoni\" value=\"\" type=\"tel\" name=\"Phone\" \/><\/span><br \/>\n<span class=\"wpcf7-form-control-wrap\" data-name=\"E-mail\"><input size=\"40\" class=\"wpcf7-form-control wpcf7-text wpcf7-email wpcf7-validates-as-required wpcf7-validates-as-email\" aria-required=\"true\" aria-invalid=\"false\" placeholder=\"E-mail\" value=\"\" type=\"email\" name=\"E-mail\" \/><\/span><br \/>\n<span class=\"wpcf7-form-control-wrap\" data-name=\"Message\"><textarea cols=\"40\" rows=\"10\" class=\"wpcf7-form-control wpcf7-textarea wpcf7-validates-as-required\" aria-required=\"true\" aria-invalid=\"false\" placeholder=\"Mesazhi Juaj\" name=\"Message\"><\/textarea><\/span><br \/>\n<input class=\"wpcf7-form-control has-spinner wpcf7-submit contactbutton\" type=\"submit\" value=\"D\u00ebrgo\" \/>\n<\/p><div class=\"wpcf7-response-output\" aria-hidden=\"true\"><\/div>\n<input type=\"hidden\" name=\"trp-form-language\" value=\"sq\"\/><\/form>\n<\/div>\n<\/h5>\t\t<\/div>\n\t\t\t\t<\/div>\n\t\t\t\t\t<\/div>\n\t\t<\/div>\n\t\t\t\t\t\t\t<\/div>\n\t\t<\/section>\n\t\t\t\t\t\t\t<\/div>","protected":false},"excerpt":{"rendered":"<p>Contact Us\u200b Find out why SKAI is the most reliable partner for your business. Let\u2019s talk about your ideas and needs. Our specialists will advice you on the best possible solutions. info@skai.al +355 (0) 696050500 SKAI Software Solutions St.Stavri Themeli Tirana, Albania<\/p>","protected":false},"author":1,"featured_media":0,"parent":0,"menu_order":0,"comment_status":"closed","ping_status":"closed","template":"elementor_header_footer","meta":{"inline_featured_image":false},"yoast_head":"<!-- This site is optimized with the Yoast SEO plugin v20.9 - https:\/\/yoast.com\/wordpress\/plugins\/seo\/ -->\n<title>Contact - SKAI Software Solutions<\/title>\n<meta name=\"robots\" content=\"index, follow, max-snippet:-1, max-image-preview:large, max-video-preview:-1\" \/>\n<link rel=\"canonical\" href=\"https:\/\/skai.al\/sq\/contact\/\" \/>\n<meta property=\"og:locale\" content=\"sq_AL\" \/>\n<meta property=\"og:type\" content=\"article\" \/>\n<meta property=\"og:title\" content=\"Contact - SKAI Software Solutions\" \/>\n<meta property=\"og:description\" content=\"Contact Us\u200b Find out why SKAI is the most reliable partner for your business. Let\u2019s talk about your ideas and needs. Our specialists will advice you on the best possible solutions. info@skai.al +355 (0) 696050500 SKAI Software Solutions St.Stavri Themeli Tirana, Albania\" \/>\n<meta property=\"og:url\" content=\"https:\/\/skai.al\/sq\/contact\/\" \/>\n<meta property=\"og:site_name\" content=\"SKAI Software Solutions\" \/>\n<meta property=\"article:publisher\" content=\"https:\/\/www.facebook.com\/skaisoftwaresolutions\" \/>\n<meta property=\"article:modified_time\" content=\"2022-09-14T18:28:05+00:00\" \/>\n<meta property=\"og:image\" content=\"https:\/\/skai.al\/wp-content\/uploads\/2022\/07\/Asset-7.png\" \/>\n<meta name=\"twitter:card\" content=\"summary_large_image\" \/>\n<meta name=\"twitter:label1\" content=\"Est. reading time\" \/>\n\t<meta name=\"twitter:data1\" content=\"2 minuta\" \/>\n<script type=\"application\/ld+json\" class=\"yoast-schema-graph\">{\"@context\":\"https:\/\/schema.org\",\"@graph\":[{\"@type\":\"WebPage\",\"@id\":\"https:\/\/skai.al\/contact\/\",\"url\":\"https:\/\/skai.al\/contact\/\",\"name\":\"Contact - SKAI Software Solutions\",\"isPartOf\":{\"@id\":\"https:\/\/skai.al\/#website\"},\"datePublished\":\"2022-07-08T11:25:53+00:00\",\"dateModified\":\"2022-09-14T18:28:05+00:00\",\"breadcrumb\":{\"@id\":\"https:\/\/skai.al\/contact\/#breadcrumb\"},\"inLanguage\":\"sq\",\"potentialAction\":[{\"@type\":\"ReadAction\",\"target\":[\"https:\/\/skai.al\/contact\/\"]}]},{\"@type\":\"BreadcrumbList\",\"@id\":\"https:\/\/skai.al\/contact\/#breadcrumb\",\"itemListElement\":[{\"@type\":\"ListItem\",\"position\":1,\"name\":\"Home\",\"item\":\"https:\/\/skai.al\/\"},{\"@type\":\"ListItem\",\"position\":2,\"name\":\"Contact\"}]},{\"@type\":\"WebSite\",\"@id\":\"https:\/\/skai.al\/#website\",\"url\":\"https:\/\/skai.al\/\",\"name\":\"SKAI Software Solutions\",\"description\":\"\",\"publisher\":{\"@id\":\"https:\/\/skai.al\/#organization\"},\"potentialAction\":[{\"@type\":\"SearchAction\",\"target\":{\"@type\":\"EntryPoint\",\"urlTemplate\":\"https:\/\/skai.al\/?s={search_term_string}\"},\"query-input\":\"required name=search_term_string\"}],\"inLanguage\":\"sq\"},{\"@type\":\"Organization\",\"@id\":\"https:\/\/skai.al\/#organization\",\"name\":\"SKAI Software Solutions\",\"url\":\"https:\/\/skai.al\/\",\"logo\":{\"@type\":\"ImageObject\",\"inLanguage\":\"sq\",\"@id\":\"https:\/\/skai.al\/#\/schema\/logo\/image\/\",\"url\":\"https:\/\/skai.al\/wp-content\/uploads\/2022\/07\/logo-skai-web.png\",\"contentUrl\":\"https:\/\/skai.al\/wp-content\/uploads\/2022\/07\/logo-skai-web.png\",\"width\":412,\"height\":145,\"caption\":\"SKAI Software Solutions\"},\"image\":{\"@id\":\"https:\/\/skai.al\/#\/schema\/logo\/image\/\"},\"sameAs\":[\"https:\/\/www.facebook.com\/skaisoftwaresolutions\",\"http:\/\/linkedin.com\/company\/skaisoftwaresolutions\/\",\"https:\/\/www.instagram.com\/skaisoftwaresolutions\/\"]}]}<\/script>\n<!-- \/ Yoast SEO plugin. -->","yoast_head_json":{"title":"Contact - SKAI Software Solutions","robots":{"index":"index","follow":"follow","max-snippet":"max-snippet:-1","max-image-preview":"max-image-preview:large","max-video-preview":"max-video-preview:-1"},"canonical":"https:\/\/skai.al\/sq\/contact\/","og_locale":"sq_AL","og_type":"article","og_title":"Contact - SKAI Software Solutions","og_description":"Contact Us\u200b Find out why SKAI is the most reliable partner for your business. Let\u2019s talk about your ideas and needs. Our specialists will advice you on the best possible solutions. info@skai.al +355 (0) 696050500 SKAI Software Solutions St.Stavri Themeli Tirana, Albania","og_url":"https:\/\/skai.al\/sq\/contact\/","og_site_name":"SKAI Software Solutions","article_publisher":"https:\/\/www.facebook.com\/skaisoftwaresolutions","article_modified_time":"2022-09-14T18:28:05+00:00","og_image":[{"url":"https:\/\/skai.al\/wp-content\/uploads\/2022\/07\/Asset-7.png"}],"twitter_card":"summary_large_image","twitter_misc":{"Est. reading time":"2 minuta"},"schema":{"@context":"https:\/\/schema.org","@graph":[{"@type":"WebPage","@id":"https:\/\/skai.al\/contact\/","url":"https:\/\/skai.al\/contact\/","name":"Contact - SKAI Software Solutions","isPartOf":{"@id":"https:\/\/skai.al\/#website"},"datePublished":"2022-07-08T11:25:53+00:00","dateModified":"2022-09-14T18:28:05+00:00","breadcrumb":{"@id":"https:\/\/skai.al\/contact\/#breadcrumb"},"inLanguage":"sq","potentialAction":[{"@type":"ReadAction","target":["https:\/\/skai.al\/contact\/"]}]},{"@type":"BreadcrumbList","@id":"https:\/\/skai.al\/contact\/#breadcrumb","itemListElement":[{"@type":"ListItem","position":1,"name":"Home","item":"https:\/\/skai.al\/"},{"@type":"ListItem","position":2,"name":"Contact"}]},{"@type":"WebSite","@id":"https:\/\/skai.al\/#website","url":"https:\/\/skai.al\/","name":"SKAI Software Solutions","description":"","publisher":{"@id":"https:\/\/skai.al\/#organization"},"potentialAction":[{"@type":"SearchAction","target":{"@type":"EntryPoint","urlTemplate":"https:\/\/skai.al\/?s={search_term_string}"},"query-input":"required name=search_term_string"}],"inLanguage":"sq"},{"@type":"Organization","@id":"https:\/\/skai.al\/#organization","name":"SKAI Software Solutions","url":"https:\/\/skai.al\/","logo":{"@type":"ImageObject","inLanguage":"sq","@id":"https:\/\/skai.al\/#\/schema\/logo\/image\/","url":"https:\/\/skai.al\/wp-content\/uploads\/2022\/07\/logo-skai-web.png","contentUrl":"https:\/\/skai.al\/wp-content\/uploads\/2022\/07\/logo-skai-web.png","width":412,"height":145,"caption":"SKAI Software Solutions"},"image":{"@id":"https:\/\/skai.al\/#\/schema\/logo\/image\/"},"sameAs":["https:\/\/www.facebook.com\/skaisoftwaresolutions","http:\/\/linkedin.com\/company\/skaisoftwaresolutions\/","https:\/\/www.instagram.com\/skaisoftwaresolutions\/"]}]}},"_links":{"self":[{"href":"https:\/\/skai.al\/sq\/wp-json\/wp\/v2\/pages\/163"}],"collection":[{"href":"https:\/\/skai.al\/sq\/wp-json\/wp\/v2\/pages"}],"about":[{"href":"https:\/\/skai.al\/sq\/wp-json\/wp\/v2\/types\/page"}],"author":[{"embeddable":true,"href":"https:\/\/skai.al\/sq\/wp-json\/wp\/v2\/users\/1"}],"replies":[{"embeddable":true,"href":"https:\/\/skai.al\/sq\/wp-json\/wp\/v2\/comments?post=163"}],"version-history":[{"count":52,"href":"https:\/\/skai.al\/sq\/wp-json\/wp\/v2\/pages\/163\/revisions"}],"predecessor-version":[{"id":1308,"href":"https:\/\/skai.al\/sq\/wp-json\/wp\/v2\/pages\/163\/revisions\/1308"}],"wp:attachment":[{"href":"https:\/\/skai.al\/sq\/wp-json\/wp\/v2\/media?parent=163"}],"curies":[{"name":"wp","href":"https:\/\/api.w.org\/{rel}","templated":true}]}}